{"id":809,"date":"2022-01-18T05:53:09","date_gmt":"2022-01-18T05:53:09","guid":{"rendered":"https:\/\/hn.mehiku.han-solo.net\/?page_id=809"},"modified":"2023-09-06T11:18:32","modified_gmt":"2023-09-06T11:18:32","slug":"exklusive-vermarktung","status":"publish","type":"page","link":"https:\/\/on16.de\/?page_id=809","title":{"rendered":"Exklusive Vermarktung"},"content":{"rendered":"<h2 style=\"text-align: center;\" id=\"mcetoc_1fppl0h0m1\">Mit der Vermarktung des exklusiven Neubauprojektes &#8222;O\/N\/<span style=\"font-size: 36px;\">1<\/span>\/6&#8243;<\/h2>\n<h3 style=\"text-align: center;\" id=\"mcetoc_1fppl0o162\">wurde die KENSINGTON Finest Properties International Berlin-Reinickendorf beauftragt.<\/h3>\n<p>&nbsp;<\/p>\n<p style=\"text-align: center;\"><a href=\"https:\/\/www.kensington-international.com\/de\/\" target=\"_blank\" rel=\"noopener\"><img loading=\"lazy\" decoding=\"async\" src=\"https:\/\/on16.de\/wp-content\/uploads\/2022\/01\/Logo-Kensington.png\" alt=\"\" width=\"377\" height=\"133\" class=\"alignnone wp-image-803 \" srcset=\"https:\/\/on16.de\/wp-content\/uploads\/2022\/01\/Logo-Kensington.png 1901w, https:\/\/on16.de\/wp-content\/uploads\/2022\/01\/Logo-Kensington-300x106.png 300w, https:\/\/on16.de\/wp-content\/uploads\/2022\/01\/Logo-Kensington-1024x362.png 1024w, https:\/\/on16.de\/wp-content\/uploads\/2022\/01\/Logo-Kensington-768x271.png 768w, https:\/\/on16.de\/wp-content\/uploads\/2022\/01\/Logo-Kensington-1536x543.png 1536w\" sizes=\"auto, (max-width: 377px) 100vw, 377px\" \/><\/a><\/p>\n<p>&nbsp;<\/p>\n<h4>Ein Expos\u00e9 mit weiteren Details und Preisen, erhalten Sie von Kensington International.<\/h4>\n<h4><span style=\"font-size: 12px;\">Die Au\u00dfen-Provision f\u00fcr den K\u00e4ufer an Kensington Int. betr\u00e4gt 2,975 % inkl. 19 % MwSt..<\/span><\/h4>\n<h4><span style=\"font-size: 12px;\">Die Innen-Provision f\u00fcr den Verk\u00e4ufer an Kensington Int. betr\u00e4gt 2,975 % inkl. 19 % MwSt..<\/span><\/h4>\n<p>&nbsp;<\/p>\n<h4>F\u00fcr Beratungsgespr\u00e4che steht Herr Nick Wiesinger gern zur Verf\u00fcgung.<\/h4>\n<h4><\/h4>\n<h4>Tel.+49 (0)30 530 161 30<\/h4>\n<h4>Mobil: +49 (0)176 306 838 66<\/h4>\n<h4><a href=\"nick.wiesinger@kensington-international.com\">nick.wiesinger@kensington-international.com<\/a><\/h4>\n<h4><\/h4>\n<h4><\/h4>\n","protected":false},"excerpt":{"rendered":"<p>Mit der Vermarktung des exklusiven Neubauprojektes &#8222;O\/N\/1\/6&#8243; wurde die KENSINGTON Finest Properties International Berlin-Reinickendorf beauftragt. &nbsp; &nbsp; Ein Expos\u00e9 mit weiteren Details und Preisen, erhalten Sie von Kensington International. Die &#8230;<\/p>\n","protected":false},"author":1,"featured_media":0,"parent":0,"menu_order":0,"comment_status":"closed","ping_status":"closed","template":"","meta":{"footnotes":""},"class_list":["post-809","page","type-page","status-publish","hentry"],"_links":{"self":[{"href":"https:\/\/on16.de\/index.php?rest_route=\/wp\/v2\/pages\/809","targetHints":{"allow":["GET"]}}],"collection":[{"href":"https:\/\/on16.de\/index.php?rest_route=\/wp\/v2\/pages"}],"about":[{"href":"https:\/\/on16.de\/index.php?rest_route=\/wp\/v2\/types\/page"}],"author":[{"embeddable":true,"href":"https:\/\/on16.de\/index.php?rest_route=\/wp\/v2\/users\/1"}],"replies":[{"embeddable":true,"href":"https:\/\/on16.de\/index.php?rest_route=%2Fwp%2Fv2%2Fcomments&post=809"}],"version-history":[{"count":19,"href":"https:\/\/on16.de\/index.php?rest_route=\/wp\/v2\/pages\/809\/revisions"}],"predecessor-version":[{"id":1046,"href":"https:\/\/on16.de\/index.php?rest_route=\/wp\/v2\/pages\/809\/revisions\/1046"}],"wp:attachment":[{"href":"https:\/\/on16.de\/index.php?rest_route=%2Fwp%2Fv2%2Fmedia&parent=809"}],"curies":[{"name":"wp","href":"https:\/\/api.w.org\/{rel}","templated":true}]}}