{"id":690,"date":"2022-01-11T14:07:52","date_gmt":"2022-01-11T14:07:52","guid":{"rendered":"https:\/\/hn.mehiku.han-solo.net\/?page_id=690"},"modified":"2022-09-08T13:15:10","modified_gmt":"2022-09-08T13:15:10","slug":"lage","status":"publish","type":"page","link":"https:\/\/on16.de\/?page_id=690","title":{"rendered":"Lage und Um"},"content":{"rendered":"<div class=\"uk-grid\">\n<div class=\"uk-width-1-2@m uk-first-column\">\n<h2 id=\"mcetoc_1fp4mtsom0\">Im gr\u00fcnen Norden von Berlin, unweit von Frohnau und Hermsdorf. Da beginnt die Erholung direkt vor der eigenen Haust\u00fcr.<\/h2>\n<h2 id=\"mcetoc_1fp4mtsom1\">Hier die genaue<span>\u00a0<\/span><span><a href=\"https:\/\/www.google.de\/maps\/@52.6289333,13.3125953,278m\/data=!3m1!1e3!5m1!1e7\" target=\"_blank\" rel=\"noopener\">Lage:<\/a><\/span><\/h2>\n<h3 id=\"mcetoc_1fp4rh8402\"><b>Makrolage<\/b><\/h3>\n<p><span style=\"font-size: 16px;\">Im wundervollen, gr\u00fcnen Glienicke-Nordbahn, im Zwickel zwischen Frohnau und Hermsdorf, einen \u201eSteinwurf\u201c vom Zentrums Berlin entfernt, entstehen 3-4 hochwertige Wohneinheiten mit S\u00fcdbalkonen, Garagen, Fahrstuhl, Fu\u00dfbodenheizung und Kaminen; Ihr Ort zum Wurzeln schlagen. Die stadtnahe Lage von Glienicke-Nordbahn zeichnet sich durch atemberaubende, nahe\u00adgelegene Natur- und Landschaftsschutzgebiete sowie Moorwiesen und einem allgemeinen, malerischen Baumbestand aus. Ein pittoresker Baumbe\u00adstand durchzieht die Stra\u00dfen. Somit profitiert man von zwei Seiten einer Medaille. Die Gemeinde Glienicke-Nordbahn verzeichnet gegen\u00fcber Berlin im Allgemeinen und den neuen Bundesl\u00e4ndern pro Einwohner die gr\u00f6\u00dfte Kaufkraft. Mit der S-Bahn kann man schnell am pulsierenden Gro\u00dfstadtleben teilnehmen. Glienicke-Nordbahn z\u00e4hlt zu den beiden einkommensst\u00e4rksten Gemeine in Ostdeutschland.<\/span><\/p>\n<\/div>\n<h3 id=\"mcetoc_1fp4rh25o1\"><b>Komfortabel in einem souver\u00e4nen Umfeld<\/b><\/h3>\n<p><span style=\"font-size: 16px;\">In der Niederstra\u00dfe 6 Ecke Ottostra\u00dfe 4 entstehen drei bis vier gro\u00dfz\u00fcgige, moderne und hochwertig ausgestattete Wohnungen. Hier genie\u00dfen Sie einerseits in einer ruhigen Seitenstra\u00dfe die vollkommene Ruhe und Eleganz von Glienicke-Nordbahn und andererseits die N\u00e4he zur Natur und Freizeit im Bezirk Reinickendorf und Landkreis Oberhavel. Gleichzeitig erfreuen Sie sich einer sehr gut ausgebauten, fu\u00dfl\u00e4ufigen und modernen Infrastruktur sowie einem weiten Angebot f\u00fcr Ihre Freizeit, gehobenen Restaurants und Caf\u00e9s. Die elegante Architektur offenbart sich in einem mediterranen Schnitt der Wohnun\u00adgen mit viel Licht.<\/span><\/p>\n<\/div>\n<h3 id=\"mcetoc_1fp4rgrld0\"><b>Praktische Anbindungen an den \u00f6ffentlichen Personennahverkehr<\/b><\/h3>\n<p><span style=\"font-size: 16px;\">Die Buslinien 220 und 806 halten an der ~350 m entfernten Bushaltestelle \u201eVeltheimstr.\u201c. Zu den Bahnh\u00f6fen der Linie S1 ab Frohnau oder ab Hermsdorf kommen Sie ganz bequem mit dem <a href=\"https:\/\/www.vbb.de\/fahrinfo?start=yes&amp;S=16548%20Glienicke\/Nordbahn,%20Niederstr.%206&amp;Z=Zeltinger%20Platz\/S%20Frohnau%20(Berlin)&amp;language=de_DE&amp;%22%3E%20VBB-Fahrinfo%20%3C\/a%3E\" target=\"_blank\" rel=\"noopener\">Bus 220<\/a> oder 806 oder in wenigen Minuten mit Ihrem Auto, wo es umliegende Parkm\u00f6glichkeiten gibt.<\/span><\/p>\n<p><span style=\"font-size: 16px;\">Beide S-Bahnh\u00f6fe k\u00f6nnten auch innerhalb von ca. zehn Minuten mit dem Fahrrad erreicht werden. Mit der S1 (Oranienburg-Wannsee) gelangen Sie schnell direkt nach Mitte (Friedrichsstra\u00dfe 25-27 Minuten Fahrzeit) oder in den Berliner S\u00fcd-westen. Der Bus 220 bringt Sie innerhalb von 15 Minuten nach <a href=\"https:\/\/www.vbb.de\/fahrinfo?start=yes&amp;S=16548%20Glienicke\/Nordbahn,%20Niederstr.%206&amp;Z=Zeltinger%20Platz\/S%20Frohnau%20(Berlin)&amp;language=de_DE&amp;%22%3E%20VBB-Fahrinfo%20%3C\/a%3E\" target=\"_blank\" rel=\"noopener\">Wittenau zur U-Bahn U8.<\/a><\/span><\/p>\n<p><span style=\"font-size: 16px;\">\u00dcber die Stadtautobahn ben\u00f6tigen Sie mit dem Auto etwa 30 Minuten bis in die City West rund um den Kurf\u00fcrstendamm.<\/span><\/p>\n","protected":false},"excerpt":{"rendered":"<p>Im gr\u00fcnen Norden von Berlin, unweit von Frohnau und Hermsdorf. Da beginnt die Erholung direkt vor der eigenen Haust\u00fcr. Hier die genaue\u00a0Lage: Makrolage Im wundervollen, gr\u00fcnen Glienicke-Nordbahn, im Zwickel zwischen &#8230;<\/p>\n","protected":false},"author":1,"featured_media":0,"parent":0,"menu_order":0,"comment_status":"closed","ping_status":"closed","template":"","meta":{"footnotes":""},"class_list":["post-690","page","type-page","status-publish","hentry"],"_links":{"self":[{"href":"https:\/\/on16.de\/index.php?rest_route=\/wp\/v2\/pages\/690","targetHints":{"allow":["GET"]}}],"collection":[{"href":"https:\/\/on16.de\/index.php?rest_route=\/wp\/v2\/pages"}],"about":[{"href":"https:\/\/on16.de\/index.php?rest_route=\/wp\/v2\/types\/page"}],"author":[{"embeddable":true,"href":"https:\/\/on16.de\/index.php?rest_route=\/wp\/v2\/users\/1"}],"replies":[{"embeddable":true,"href":"https:\/\/on16.de\/index.php?rest_route=%2Fwp%2Fv2%2Fcomments&post=690"}],"version-history":[{"count":7,"href":"https:\/\/on16.de\/index.php?rest_route=\/wp\/v2\/pages\/690\/revisions"}],"predecessor-version":[{"id":778,"href":"https:\/\/on16.de\/index.php?rest_route=\/wp\/v2\/pages\/690\/revisions\/778"}],"wp:attachment":[{"href":"https:\/\/on16.de\/index.php?rest_route=%2Fwp%2Fv2%2Fmedia&parent=690"}],"curies":[{"name":"wp","href":"https:\/\/api.w.org\/{rel}","templated":true}]}}