{"id":32,"date":"2021-05-02T11:46:59","date_gmt":"2021-05-02T11:46:59","guid":{"rendered":"https:\/\/hn.mehiku.han-solo.net\/?page_id=32"},"modified":"2022-09-08T13:10:16","modified_gmt":"2022-09-08T13:10:16","slug":"die-wohnungen","status":"publish","type":"page","link":"https:\/\/on16.de\/?page_id=32","title":{"rendered":"Die Wohnungen"},"content":{"rendered":"<div class=\"uk-grid\">\n<div class=\"uk-width-1-2@m uk-first-column\"><\/div>\n<\/div>\n<div class=\"uk-grid neighbourhood\">\n<div class=\" uk-width-1-2@m\"><strong><span style=\"color: #333333; font-family: Raleway, Helvetica, Arial, sans-serif; font-size: 2rem;\">Im gr\u00fcnen Norden leben Sie Ihre Tr\u00e4ume<\/span><\/strong><\/div>\n<div><\/div>\n<\/div>\n<div class=\"uk-grid\">\n<div class=\"uk-width-1-2@m uk-first-column\"><strong><span style=\"font-size: 24px;\">Moderne Behaglichkeit<\/span><\/strong><\/div>\n<div class=\" uk-width-1-2@m\">\n<p><span style=\"font-size: 16px;\">Durchdachte und mediterrane sowie variable Grundrisse mit Wohnfl\u00e4chen von ca. 89 m\u00b2 und ca. 111 m\u00b2 sowie ca. 127 m\u00b2 zzgl. einer individuellen Nutzfl\u00e4che von 28 m\u00b2 zeichnen die hellen Drei- und Vierzimmer-Wohnungen aus. Zwei pro Wohnung gew\u00e4hren individuelle Freiz\u00fcgigkeiten. Separate R\u00e4ume f\u00fcr Homeoffice ergeben sich in der Atelierwohnung. Die breiten, gro\u00dfz\u00fcgigen Dielen f\u00f6rdern eine gef\u00fchlte Weitl\u00e4ufigkeit. Ihr offener Wohn\u00adbe\u00adreich mit K\u00fcche-, Wohn- und E\u00dfbereich, nebst Bartresen, wird Sie mit einer modernen Behag\u00adlich\u00adkeit auf bis zu ca. 48 m\u00b2 verzaubern, und Sie zum Genie\u00dfen auf den nach S\u00fcden ausgerichteten Terrassen und Balkonen einladen. Die Deckenh\u00f6he von 2,75 m verleiht den R\u00e4umen eine besondere Gro\u00dfz\u00fcgigkeit. Dieses Objekt eignet sich auch als Mehrgenerationenvilla.<\/span><\/p>\n<p id=\"mcetoc_1fp4q0faq2\"><strong><span style=\"font-size: 24px;\">Wohnambiente zum Verlieben<\/span><\/strong><\/p>\n<p><span style=\"font-size: 16px;\">Zu den zahlreichen Annehmlichkeiten geh\u00f6ren unter anderem eine zimmergesteuerte Fu\u00dfboden\u00adheizung, Kamine, hochwertige Bodenbel\u00e4ge, Vollholzparkett in den Wohnr\u00e4umen, sichere und energie-effiziente Fenster und eine umfassende und hochwertige Badausstattung, Wannen &amp; bodengleiche Duschen (rollstuhlgerecht). Diese Sonnenwohnungen erreichen Sie bequem mit dem barrierefreien und gro\u00dfen Fahrstuhl.<\/span><\/p>\n<p><span style=\"font-size: 16px;\">Jede Wohnung erh\u00e4lt eine strukturierte Netzwerkverkabelung, CAT-7, sowie Antennenverkabelung (koax).<\/span><\/p>\n<p><span style=\"font-size: 16px;\">Die Sole-Wasser-W\u00e4rmepumpe erm\u00f6glicht eine autarke Versorgung mit W\u00e4rme.\u00a0<\/span><span style=\"font-size: 16px;\">Der gerechnete Endenergieverbrauch liegt bei &lt; 33 kWh \/(m\u00b2.a.). Energiesparend und leise, dient im Sommer auch zur K\u00fchlung.<\/span><\/p>\n<\/div>\n<\/div>\n","protected":false},"excerpt":{"rendered":"<p>Im gr\u00fcnen Norden leben Sie Ihre Tr\u00e4ume Moderne Behaglichkeit Durchdachte und mediterrane sowie variable Grundrisse mit Wohnfl\u00e4chen von ca. 89 m\u00b2 und ca. 111 m\u00b2 sowie ca. 127 m\u00b2 zzgl. &#8230;<\/p>\n","protected":false},"author":1,"featured_media":0,"parent":0,"menu_order":0,"comment_status":"closed","ping_status":"closed","template":"","meta":{"footnotes":""},"class_list":["post-32","page","type-page","status-publish","hentry"],"_links":{"self":[{"href":"https:\/\/on16.de\/index.php?rest_route=\/wp\/v2\/pages\/32","targetHints":{"allow":["GET"]}}],"collection":[{"href":"https:\/\/on16.de\/index.php?rest_route=\/wp\/v2\/pages"}],"about":[{"href":"https:\/\/on16.de\/index.php?rest_route=\/wp\/v2\/types\/page"}],"author":[{"embeddable":true,"href":"https:\/\/on16.de\/index.php?rest_route=\/wp\/v2\/users\/1"}],"replies":[{"embeddable":true,"href":"https:\/\/on16.de\/index.php?rest_route=%2Fwp%2Fv2%2Fcomments&post=32"}],"version-history":[{"count":17,"href":"https:\/\/on16.de\/index.php?rest_route=\/wp\/v2\/pages\/32\/revisions"}],"predecessor-version":[{"id":907,"href":"https:\/\/on16.de\/index.php?rest_route=\/wp\/v2\/pages\/32\/revisions\/907"}],"wp:attachment":[{"href":"https:\/\/on16.de\/index.php?rest_route=%2Fwp%2Fv2%2Fmedia&parent=32"}],"curies":[{"name":"wp","href":"https:\/\/api.w.org\/{rel}","templated":true}]}}