{"id":316,"date":"2021-10-18T11:58:01","date_gmt":"2021-10-18T11:58:01","guid":{"rendered":"https:\/\/hn.mehiku.han-solo.net\/?page_id=316"},"modified":"2022-09-11T17:58:06","modified_gmt":"2022-09-11T17:58:06","slug":"wohnung-im-1-og","status":"publish","type":"page","link":"https:\/\/on16.de\/?page_id=316","title":{"rendered":"Wohnung im 1. OG"},"content":{"rendered":"\r\n<p><span style=\"font-size: 16px;\">Der Aufzug f\u00fchrt in die grunds\u00e4tzlich barrierefreie Wohnung. Fu\u00dfbodenheizung und Vollholzparkett gew\u00e4hrleisten Wohnkomfort zu jeder Jahreszeit.<\/span><\/p>\r\n<p><span style=\"font-size: 16px;\">\r\n\r\n<\/span><\/p>\r\n<p><span style=\"font-size: 16px;\">Lichtdurchflutet durch die optimale Ausrichtung der bodentiefen Fenster in den Wohnbereichen, die sich \u00fcber die gesamte Wohnungsbreite erstrecken.<\/span><\/p>\r\n<p><span style=\"font-size: 16px;\">\r\n\r\n<\/span><\/p>\r\n<p><span style=\"font-size: 16px;\">Heller und gro\u00dfz\u00fcgiger Wohn- und Essbereich mit offener K\u00fcche.<\/span><\/p>\r\n<p><span style=\"font-size: 16px;\">Ger\u00e4umige, bodengleiche Dusche (rollstuhlgerecht).<\/span><\/p>\r\n<p><span style=\"font-size: 16px;\">\r\n\r\n<\/span><\/p>\r\n<p><span style=\"font-size: 16px;\">Kaminanschluss.<\/span><\/p>\r\n<hr \/>\r\n<p style=\"text-align: left;\"><\/p>\r\n<p style=\"text-align: center;\"><a href=\"https:\/\/on16.de\/wp-content\/uploads\/2022\/09\/Wohnung-2-OG-I.jpg\" target=\"_blank\" rel=\"noopener\"><img loading=\"lazy\" decoding=\"async\" src=\"https:\/\/on16.de\/wp-content\/uploads\/2022\/09\/Wohnung-2-OG-I.jpg\" alt=\"\" width=\"778\" height=\"874\" class=\"alignnone wp-image-933 size-full\" srcset=\"https:\/\/on16.de\/wp-content\/uploads\/2022\/09\/Wohnung-2-OG-I.jpg 778w, https:\/\/on16.de\/wp-content\/uploads\/2022\/09\/Wohnung-2-OG-I-267x300.jpg 267w, https:\/\/on16.de\/wp-content\/uploads\/2022\/09\/Wohnung-2-OG-I-768x863.jpg 768w\" sizes=\"auto, (max-width: 778px) 100vw, 778px\" \/><\/a><\/p>\r\n<p style=\"text-align: center;\"><a href=\"https:\/\/on16.de\/wp-content\/uploads\/2022\/09\/Wohnung-21-Flaeche.jpg\" target=\"_blank\" rel=\"noopener\"><img loading=\"lazy\" decoding=\"async\" src=\"https:\/\/on16.de\/wp-content\/uploads\/2022\/09\/Wohnung-21-Flaeche-246x300.jpg\" alt=\"\" width=\"246\" height=\"300\" class=\"alignnone wp-image-980 size-medium\" srcset=\"https:\/\/on16.de\/wp-content\/uploads\/2022\/09\/Wohnung-21-Flaeche-246x300.jpg 246w, https:\/\/on16.de\/wp-content\/uploads\/2022\/09\/Wohnung-21-Flaeche.jpg 414w\" sizes=\"auto, (max-width: 246px) 100vw, 246px\" \/><\/a><\/p>\r\n\r\n<p>&nbsp;<\/p>\r\n","protected":false},"excerpt":{"rendered":"<p>Der Aufzug f\u00fchrt in die grunds\u00e4tzlich barrierefreie Wohnung. Fu\u00dfbodenheizung und Vollholzparkett gew\u00e4hrleisten Wohnkomfort zu jeder Jahreszeit. Lichtdurchflutet durch die optimale Ausrichtung der bodentiefen Fenster in den Wohnbereichen, die sich \u00fcber &#8230;<\/p>\n","protected":false},"author":1,"featured_media":0,"parent":0,"menu_order":0,"comment_status":"closed","ping_status":"closed","template":"","meta":{"footnotes":""},"class_list":["post-316","page","type-page","status-publish","hentry"],"_links":{"self":[{"href":"https:\/\/on16.de\/index.php?rest_route=\/wp\/v2\/pages\/316","targetHints":{"allow":["GET"]}}],"collection":[{"href":"https:\/\/on16.de\/index.php?rest_route=\/wp\/v2\/pages"}],"about":[{"href":"https:\/\/on16.de\/index.php?rest_route=\/wp\/v2\/types\/page"}],"author":[{"embeddable":true,"href":"https:\/\/on16.de\/index.php?rest_route=\/wp\/v2\/users\/1"}],"replies":[{"embeddable":true,"href":"https:\/\/on16.de\/index.php?rest_route=%2Fwp%2Fv2%2Fcomments&post=316"}],"version-history":[{"count":20,"href":"https:\/\/on16.de\/index.php?rest_route=\/wp\/v2\/pages\/316\/revisions"}],"predecessor-version":[{"id":987,"href":"https:\/\/on16.de\/index.php?rest_route=\/wp\/v2\/pages\/316\/revisions\/987"}],"wp:attachment":[{"href":"https:\/\/on16.de\/index.php?rest_route=%2Fwp%2Fv2%2Fmedia&parent=316"}],"curies":[{"name":"wp","href":"https:\/\/api.w.org\/{rel}","templated":true}]}}