{"id":193,"date":"2021-05-03T13:04:22","date_gmt":"2021-05-03T13:04:22","guid":{"rendered":"https:\/\/hn.mehiku.han-solo.net\/?page_id=193"},"modified":"2022-09-08T13:17:00","modified_gmt":"2022-09-08T13:17:00","slug":"infrastruktur-verkehrsanbindung-erholung","status":"publish","type":"page","link":"https:\/\/on16.de\/?page_id=193","title":{"rendered":"Infrastruktur \/ Verkehrsanbindung \/ Erholung"},"content":{"rendered":"<h3 id=\"mcetoc_1fp4r51bk0\"><strong>\u00d6rtliche Infrastruktur:\u00a0 <span style=\"color: #0000ff;\"><a style=\"color: #0000ff;\" href=\"https:\/\/on16.de\/wp-content\/uploads\/2022\/01\/Lageplan-Detail.jpg\" target=\"_blank\" rel=\"noopener\">Karten\u00fcbersicht:<\/a><\/span><\/strong><\/h3>\n<ul>\n<li><span style=\"font-size: 16px;\">\u201eGlienicker Spitze\u201c in 6 Gehminuten mit vielf\u00e4ltigen Einkaufsm\u00f6glichkeiten und Restaurationen<\/span><\/li>\n<li><span style=\"font-size: 16px;\">Zentrum von Glienicke in 5 Gehminuten, Dorfanger mit vielen L\u00e4den im l\u00e4ndlichen Bereich<\/span><\/li>\n<li><span style=\"font-size: 16px;\">S-Bahnh\u00f6fe der Linie S1 Frohnau oder Hermsdorf (6 Minuten mit Buslinie 806, in 400 m) in 5 Autofahrminuten<\/span><\/li>\n<li><span style=\"font-size: 16px;\">Zeltinger Platz und Ludolfinger Platz in Frohnau mit vielen weiteren Einkaufsm\u00f6glichkeiten in 5 Autofahrminuten<\/span><\/li>\n<li><span style=\"font-size: 16px;\">Golfplatz in Stolpe in 12 Autofahrminuten<\/span><\/li>\n<li><span style=\"font-size: 16px;\">Tegeler See f\u00fcr Wassersportler in ca. 15-20 Autominuten<\/span><\/li>\n<li><span style=\"font-size: 16px;\">Acht Kitas innerhalb von 5-15 Gehminuten (darunter vier private Betreiber)<\/span><\/li>\n<li><span style=\"font-size: 16px;\">Grundschule in 7 Gehminuten<\/span><\/li>\n<li><span style=\"font-size: 16px;\">Gymnasium in 11 Gehminuten<\/span><\/li>\n<\/ul>\n<p><span style=\"font-size: 16px;\">(abgesehen vom Evangelischen Gymnasium (privat) in Frohnau und dem\u00a0Georg-Herwegh-Gymnasium in Hermsdorf)<\/span><\/p>\n<ul>\n<li><span style=\"font-size: 16px;\">Piazza Italiana in einer Gehminute<\/span><\/li>\n<\/ul>\n<h3 id=\"mcetoc_1fp4r5eu21\">Landschaftliche Umgebung finden Sie <a href=\"https:\/\/on16.de\/?page_id=782\" target=\"_blank\" rel=\"noopener\"><span style=\"color: #0000ff;\">hier:\u00a0<\/span><\/a><\/h3>\n<p><span style=\"font-size: 16px;\">Fu\u00dfl\u00e4ufig sind die Landschafts- bzw. Naturschutzgebiete\u00a0 hier ein paar Bilder einf\u00fcgen<\/span><\/p>\n<ol>\n<li><span style=\"font-size: 16px;\">Kindelsee-Springluch (60 ha),<\/span><\/li>\n<li><span style=\"font-size: 16px;\">L\u00fcbarser Felder (110 ha) und<\/span><\/li>\n<li><span style=\"font-size: 16px;\">Tegeler Fliestal (385 ha) mit den Naturschutzgebieten &#8222;Kalktuffgel\u00e4nde am<\/span><\/li>\n<\/ol>\n<p><span style=\"font-size: 16px;\">Tegeler Flie\u00df&#8220; und &#8222;Niedermoorwiesen am Tegeler Flie\u00df&#8220; sowie dem Hermsdorfer See erreichbar, wie auch der n\u00f6rdliche Teil vom Tegeler Forst.<\/span><\/p>\n<h3 id=\"mcetoc_1fp4r714q2\">Die praktischen Anbindungen zum<span style=\"color: #0000ff;\"><a style=\"color: #0000ff;\" href=\"https:\/\/on16.de\/wp-content\/uploads\/2021\/05\/Bahn-Anbindung.jpg\" target=\"_blank\" rel=\"noopener\"> \u00f6ffentlichen Personennahverkehr<\/a>:<\/span><\/h3>\n<p><span style=\"font-size: 16px;\">S-Bahnh\u00f6fe der Linie S1 ab <a href=\"https:\/\/www.vbb.de\/fahrinfo?start=yes&amp;S=16548%20Glienicke\/Nordbahn,%20Niederstr.%206&amp;Z=Zeltinger%20Platz\/S%20Frohnau%20(Berlin)&amp;language=de_DE&amp;%22%3E%20VBB-Fahrinfo%20%3C\/a%3E\" target=\"_blank\" rel=\"noopener\" style=\"background-color: #ffffff; font-family: &#039;Open Sans&#039;, Helvetica, Arial, sans-serif;\">Frohnau<\/a><span style=\"color: #777777; font-family: 'Open Sans', Helvetica, Arial, sans-serif;\"> oder S1 ab <\/span><a href=\"https:\/\/www.vbb.de\/fahrinfo?start=yes&amp;S=16548 Glienicke\/Nordbahn, Niederstr. 6&amp;Z=S Hermsdorf (Berlin)&amp;language=de_DE&amp;&quot;&gt; VBB-Fahrinfo &lt;\/a&gt;\" target=\"_blank\" rel=\"noopener\" style=\"background-color: #ffffff; font-family: &#039;Open Sans&#039;, Helvetica, Arial, sans-serif;\">Hermsdorf<\/a><\/span><\/p>\n<p><span style=\"font-size: 16px;\">(6 Minuten mit Buslinie 806 \/220; Haltestellen fu\u00dfl\u00e4ufige in 400 m) oder die S-Bahnh\u00f6fe in 5 Autofahrminuten.<\/span><\/p>\n","protected":false},"excerpt":{"rendered":"<p>\u00d6rtliche Infrastruktur:\u00a0 Karten\u00fcbersicht: \u201eGlienicker Spitze\u201c in 6 Gehminuten mit vielf\u00e4ltigen Einkaufsm\u00f6glichkeiten und Restaurationen Zentrum von Glienicke in 5 Gehminuten, Dorfanger mit vielen L\u00e4den im l\u00e4ndlichen Bereich S-Bahnh\u00f6fe der Linie S1 &#8230;<\/p>\n","protected":false},"author":1,"featured_media":0,"parent":0,"menu_order":0,"comment_status":"closed","ping_status":"closed","template":"","meta":{"footnotes":""},"class_list":["post-193","page","type-page","status-publish","hentry"],"_links":{"self":[{"href":"https:\/\/on16.de\/index.php?rest_route=\/wp\/v2\/pages\/193","targetHints":{"allow":["GET"]}}],"collection":[{"href":"https:\/\/on16.de\/index.php?rest_route=\/wp\/v2\/pages"}],"about":[{"href":"https:\/\/on16.de\/index.php?rest_route=\/wp\/v2\/types\/page"}],"author":[{"embeddable":true,"href":"https:\/\/on16.de\/index.php?rest_route=\/wp\/v2\/users\/1"}],"replies":[{"embeddable":true,"href":"https:\/\/on16.de\/index.php?rest_route=%2Fwp%2Fv2%2Fcomments&post=193"}],"version-history":[{"count":18,"href":"https:\/\/on16.de\/index.php?rest_route=\/wp\/v2\/pages\/193\/revisions"}],"predecessor-version":[{"id":784,"href":"https:\/\/on16.de\/index.php?rest_route=\/wp\/v2\/pages\/193\/revisions\/784"}],"wp:attachment":[{"href":"https:\/\/on16.de\/index.php?rest_route=%2Fwp%2Fv2%2Fmedia&parent=193"}],"curies":[{"name":"wp","href":"https:\/\/api.w.org\/{rel}","templated":true}]}}