{"id":177,"date":"2021-05-03T12:51:40","date_gmt":"2021-05-03T12:51:40","guid":{"rendered":"https:\/\/hn.mehiku.han-solo.net\/?page_id=177"},"modified":"2022-09-11T17:57:27","modified_gmt":"2022-09-11T17:57:27","slug":"grundriss-duplex-wohnung-eg","status":"publish","type":"page","link":"https:\/\/on16.de\/?page_id=177","title":{"rendered":"Grundrisse der Maisonette Wohnungen 1 \/ 2, EG"},"content":{"rendered":"\r\n<p id=\"block-7dbb5e6c-e5c3-4dc9-ad3d-5eb0fd3d68f4\"><span style=\"font-size: 16px;\">Die grunds\u00e4tzlich barrierefreien Ebenen der Wohnungen bestechen durch \u00fcberaus gro\u00dfz\u00fcgige Raumaufteilungen. Fu\u00dfbodenheizung und Holzb\u00f6den, wahlweise Naturstein, gew\u00e4hrleisten Wohnkomfort zu jeder Jahreszeit.<\/span><\/p>\r\n<p><span style=\"font-size: 16px;\">\r\n\r\n<\/span><\/p>\r\n<p id=\"block-7dbb5e6c-e5c3-4dc9-ad3d-5eb0fd3d68f4\"><span style=\"font-size: 16px;\">Lichtdurchflutet durch die optimale Ausrichtung der bodentiefen Fenster in den Wohnbereichen, die sich \u00fcber die gesamte Wohnungsbreite erstrecken.<\/span><\/p>\r\n<p><span style=\"font-size: 16px;\">\r\n\r\n<\/span><\/p>\r\n<p id=\"block-c68007ed-e7ce-4af2-b9dd-0c70c08109ac\"><span style=\"font-size: 16px;\">Heller und gro\u00dfz\u00fcgiger Wohn- und Essbereich mit offener K\u00fcche.<\/span><\/p>\r\n<p style=\"text-align: center;\"><\/p>\r\n<p style=\"text-align: center;\"><span style=\"font-size: 16px;\"><\/span><\/p>\r\n<p style=\"text-align: center;\"><a href=\"https:\/\/on16.de\/wp-content\/uploads\/2022\/09\/Wohnung-3-EG-links.jpg\" target=\"_blank\" rel=\"noopener\"><img loading=\"lazy\" decoding=\"async\" src=\"https:\/\/on16.de\/wp-content\/uploads\/2022\/09\/Wohnung-3-EG-links-300x300.jpg\" alt=\"\" width=\"300\" height=\"300\" class=\"alignnone wp-image-934 size-medium\" srcset=\"https:\/\/on16.de\/wp-content\/uploads\/2022\/09\/Wohnung-3-EG-links-300x300.jpg 300w, https:\/\/on16.de\/wp-content\/uploads\/2022\/09\/Wohnung-3-EG-links-150x150.jpg 150w, https:\/\/on16.de\/wp-content\/uploads\/2022\/09\/Wohnung-3-EG-links-600x602.jpg 600w, https:\/\/on16.de\/wp-content\/uploads\/2022\/09\/Wohnung-3-EG-links.jpg 605w\" sizes=\"auto, (max-width: 300px) 100vw, 300px\" \/><\/a><a href=\"https:\/\/on16.de\/wp-content\/uploads\/2022\/09\/Wohnung-4-EG-rechts.jpg\" target=\"_blank\" rel=\"noopener\"><img loading=\"lazy\" decoding=\"async\" src=\"https:\/\/on16.de\/wp-content\/uploads\/2022\/09\/Wohnung-4-EG-rechts-300x300.jpg\" alt=\"\" width=\"300\" height=\"300\" class=\"alignnone wp-image-935 size-medium\" srcset=\"https:\/\/on16.de\/wp-content\/uploads\/2022\/09\/Wohnung-4-EG-rechts-300x300.jpg 300w, https:\/\/on16.de\/wp-content\/uploads\/2022\/09\/Wohnung-4-EG-rechts-150x150.jpg 150w, https:\/\/on16.de\/wp-content\/uploads\/2022\/09\/Wohnung-4-EG-rechts.jpg 604w\" sizes=\"auto, (max-width: 300px) 100vw, 300px\" \/><\/a><\/p>\r\n<p style=\"text-align: center;\"><a href=\"https:\/\/on16.de\/wp-content\/uploads\/2022\/09\/Wohnung-3-ST-links.jpg\" target=\"_blank\" rel=\"noopener\"><img loading=\"lazy\" decoding=\"async\" src=\"https:\/\/on16.de\/wp-content\/uploads\/2022\/09\/Wohnung-3-ST-links-300x298.jpg\" alt=\"\" width=\"300\" height=\"298\" class=\"alignnone wp-image-936 size-medium\" srcset=\"https:\/\/on16.de\/wp-content\/uploads\/2022\/09\/Wohnung-3-ST-links-300x298.jpg 300w, https:\/\/on16.de\/wp-content\/uploads\/2022\/09\/Wohnung-3-ST-links-150x150.jpg 150w, https:\/\/on16.de\/wp-content\/uploads\/2022\/09\/Wohnung-3-ST-links.jpg 610w\" sizes=\"auto, (max-width: 300px) 100vw, 300px\" \/><\/a><a href=\"https:\/\/on16.de\/wp-content\/uploads\/2022\/09\/Wohnung-4-ST-rechts.jpg\" target=\"_blank\" rel=\"noopener\"><img loading=\"lazy\" decoding=\"async\" src=\"https:\/\/on16.de\/wp-content\/uploads\/2022\/09\/Wohnung-4-ST-rechts-300x298.jpg\" alt=\"\" width=\"300\" height=\"298\" class=\"alignnone wp-image-937 size-medium\" srcset=\"https:\/\/on16.de\/wp-content\/uploads\/2022\/09\/Wohnung-4-ST-rechts-300x298.jpg 300w, https:\/\/on16.de\/wp-content\/uploads\/2022\/09\/Wohnung-4-ST-rechts-150x150.jpg 150w, https:\/\/on16.de\/wp-content\/uploads\/2022\/09\/Wohnung-4-ST-rechts.jpg 610w\" sizes=\"auto, (max-width: 300px) 100vw, 300px\" \/><\/a><\/p>\r\n<p style=\"text-align: center;\"><a href=\"https:\/\/on16.de\/wp-content\/uploads\/2022\/09\/Wohnung-31-Flaeche.jpg\" target=\"_blank\" rel=\"noopener\"><img loading=\"lazy\" decoding=\"async\" src=\"https:\/\/on16.de\/wp-content\/uploads\/2022\/09\/Wohnung-31-Flaeche-285x300.jpg\" alt=\"\" width=\"285\" height=\"300\" class=\"alignnone wp-image-981\" srcset=\"https:\/\/on16.de\/wp-content\/uploads\/2022\/09\/Wohnung-31-Flaeche-285x300.jpg 285w, https:\/\/on16.de\/wp-content\/uploads\/2022\/09\/Wohnung-31-Flaeche.jpg 461w\" sizes=\"auto, (max-width: 285px) 100vw, 285px\" \/><\/a><a href=\"https:\/\/on16.de\/wp-content\/uploads\/2022\/09\/Wohnung-41-Flaeche.jpg\" target=\"_blank\" rel=\"noopener\"><img loading=\"lazy\" decoding=\"async\" src=\"https:\/\/on16.de\/wp-content\/uploads\/2022\/09\/Wohnung-41-Flaeche-300x275.jpg\" alt=\"\" width=\"327\" height=\"300\" class=\"alignnone wp-image-982\" srcset=\"https:\/\/on16.de\/wp-content\/uploads\/2022\/09\/Wohnung-41-Flaeche-300x275.jpg 300w, https:\/\/on16.de\/wp-content\/uploads\/2022\/09\/Wohnung-41-Flaeche.jpg 529w\" sizes=\"auto, (max-width: 327px) 100vw, 327px\" \/><\/a><\/p>","protected":false},"excerpt":{"rendered":"<p>Die grunds\u00e4tzlich barrierefreien Ebenen der Wohnungen bestechen durch \u00fcberaus gro\u00dfz\u00fcgige Raumaufteilungen. Fu\u00dfbodenheizung und Holzb\u00f6den, wahlweise Naturstein, gew\u00e4hrleisten Wohnkomfort zu jeder Jahreszeit. Lichtdurchflutet durch die optimale Ausrichtung der bodentiefen Fenster in &#8230;<\/p>\n","protected":false},"author":1,"featured_media":0,"parent":0,"menu_order":0,"comment_status":"closed","ping_status":"closed","template":"","meta":{"footnotes":""},"class_list":["post-177","page","type-page","status-publish","hentry"],"_links":{"self":[{"href":"https:\/\/on16.de\/index.php?rest_route=\/wp\/v2\/pages\/177","targetHints":{"allow":["GET"]}}],"collection":[{"href":"https:\/\/on16.de\/index.php?rest_route=\/wp\/v2\/pages"}],"about":[{"href":"https:\/\/on16.de\/index.php?rest_route=\/wp\/v2\/types\/page"}],"author":[{"embeddable":true,"href":"https:\/\/on16.de\/index.php?rest_route=\/wp\/v2\/users\/1"}],"replies":[{"embeddable":true,"href":"https:\/\/on16.de\/index.php?rest_route=%2Fwp%2Fv2%2Fcomments&post=177"}],"version-history":[{"count":36,"href":"https:\/\/on16.de\/index.php?rest_route=\/wp\/v2\/pages\/177\/revisions"}],"predecessor-version":[{"id":986,"href":"https:\/\/on16.de\/index.php?rest_route=\/wp\/v2\/pages\/177\/revisions\/986"}],"wp:attachment":[{"href":"https:\/\/on16.de\/index.php?rest_route=%2Fwp%2Fv2%2Fmedia&parent=177"}],"curies":[{"name":"wp","href":"https:\/\/api.w.org\/{rel}","templated":true}]}}