{"id":1076,"date":"2026-03-03T08:45:41","date_gmt":"2026-03-03T08:45:41","guid":{"rendered":"https:\/\/on16.de\/?page_id=1076"},"modified":"2026-03-03T08:50:55","modified_gmt":"2026-03-03T08:50:55","slug":"bauzustand-und-fertigstellung","status":"publish","type":"page","link":"https:\/\/on16.de\/?page_id=1076","title":{"rendered":"Bauzustand und Fertigstellung"},"content":{"rendered":"<h3 id=\"mcetoc_1jipdtr630\" style=\"text-align: center;\"><span style=\"font-size: 32px;\">Fertigstellung der Bezugsfertigkeit: 7 Monate.<\/span><\/h3>\n<h3 id=\"mcetoc_1jipdtr631\" style=\"text-align: center;\"><span style=\"font-size: 32px;\">(Nach Abschluss des Kaufvertrages)<\/span><\/h3>\n<h4><span style=\"font-size: 20px;\">Aktueller Bauzustand<\/span><\/h4>\n<h4><span style=\"font-size: 20px;\">Der erweiterte Rohbau mit dem Rohbau selbst, den Fenstern mit Dreifachverglasung, dem Dach und der Fassade mit W\u00e4rmed\u00e4mmverbundsystem sowie der Einbau und Inbetriebnahme des Fahrstuhls sind fertiggestellt.<\/span><\/h4>\n<h4><\/h4>\n<h4><span style=\"font-size: 20px;\">Es bestehen f\u00fcr den K\u00e4ufer kostenneutrale Ausgestaltungsm\u00f6glichkeiten:<\/span><\/h4>\n<h4><span style=\"font-size: 20px;\">-Gestaltung der K\u00fcche nebst Anordnung der Ger\u00e4te<\/span><\/h4>\n<h4><span style=\"font-size: 20px;\">-Gr\u00f6\u00dfe der B\u00e4der und Anordnung der Objekte (z.B. DURAVIT)<\/span><\/h4>\n<h4><span style=\"font-size: 20px;\">-Position der Deckenausl\u00e4sse und\/oder ggfs. Nutzung der vorhandenen Deckenspots<\/span><\/h4>\n<h4><span style=\"font-size: 20px;\">-Teilungsm\u00f6glichkeit des Wohnzimmers\/-raumes im 1.OG.<\/span><\/h4>\n<h4><span style=\"font-size: 20px;\">-Direktzugang mit dem Fahrstuhl zur Atelierwohnung<\/span><\/h4>\n<h4><\/h4>\n<h4><span style=\"font-size: 20px;\">Bei Interesse m\u00f6gen Sie bitte die Bauteilbeschreibung oder Bemusterungskataloge f\u00fcr Fu\u00dfb\u00f6den und B\u00e4der direkt beim Bautr\u00e4ger anfragen.<\/span><\/h4>\n<h4><\/h4>\n<style type=\"text\/css\" scoped>.rbs_gallery_69e447d1869c7Spinner{\r\n\t\t\t\tmargin: 50px auto;\r\n\t\t\t\twidth: 50px;\r\n\t\t\t\theight: 40px;\r\n\t\t\t\ttext-align: center;\r\n\t\t\t\tfont-size: 10px;\r\n\t\t\t}\r\n\t\t\t.rbs_gallery_69e447d1869c7Spinner > div{\r\n\t\t\t  background-color: #333;\r\n\t\t\t  height: 100%;\r\n\t\t\t  width: 6px;\r\n\t\t\t  display: inline-block;\r\n\t\t\t  -webkit-animation: rbs_gallery_69e447d1869c7-stretchdelay 1.2s infinite ease-in-out;\r\n\t\t\t  animation: rbs_gallery_69e447d1869c7-stretchdelay 1.2s infinite ease-in-out;\r\n\t\t\t}\r\n\t\t\t.rbs_gallery_69e447d1869c7Spinner .rbs_gallery_69e447d1869c7Rect2 {\r\n\t\t\t  -webkit-animation-delay: -1.1s;\r\n\t\t\t  animation-delay: -1.1s;\r\n\t\t\t}\r\n\t\t\t.rbs_gallery_69e447d1869c7Spinner .rbs_gallery_69e447d1869c7Rect3 {\r\n\t\t\t  -webkit-animation-delay: -1.0s;\r\n\t\t\t  animation-delay: -1.0s;\r\n\t\t\t}\r\n\t\t\t.rbs_gallery_69e447d1869c7Spinner .rbs_gallery_69e447d1869c7Rect4 {\r\n\t\t\t  -webkit-animation-delay: -0.9s;\r\n\t\t\t  animation-delay: -0.9s;\r\n\t\t\t}\r\n\t\t\t.rbs_gallery_69e447d1869c7Spinner .rbs_gallery_69e447d1869c7Rect5 {\r\n\t\t\t  -webkit-animation-delay: -0.8s;\r\n\t\t\t  animation-delay: -0.8s;\r\n\t\t\t}\r\n\t\t\t@-webkit-keyframes rbs_gallery_69e447d1869c7-stretchdelay {\r\n\t\t\t  0%, 40%, 100% { -webkit-transform: scaleY(0.4) }  \r\n\t\t\t  20% { -webkit-transform: scaleY(1.0) }\r\n\t\t\t}\r\n\t\t\t@keyframes rbs_gallery_69e447d1869c7-stretchdelay {\r\n\t\t\t  0%, 40%, 100% { \r\n\t\t\t    transform: scaleY(0.4);\r\n\t\t\t    -webkit-transform: scaleY(0.4);\r\n\t\t\t  }  20% { \r\n\t\t\t    transform: scaleY(1.0);\r\n\t\t\t    -webkit-transform: scaleY(1.0);\r\n\t\t\t  }\r\n\t\t\t}\r\n\t\t<\/style><div id=\"robo-gallery-slider-wraprbs_gallery_69e447d1869c7\" class=\"robo-gallery-slider-wrap robo-gallery-slider-wrap-id997 robo-gallery-slider\"><div id=\"rbs_gallery_69e447d1869c7-block-loader\" class=\"rbs_gallery_69e447d1869c7Spinner\"><div class=\"rbs_gallery_69e447d1869c7Rect1\"><\/div> <div class=\"rbs_gallery_69e447d1869c7Rect2\"><\/div> <div class=\"rbs_gallery_69e447d1869c7Rect3\"><\/div> <div class=\"rbs_gallery_69e447d1869c7Rect4\"><\/div> <div class=\"rbs_gallery_69e447d1869c7Rect5\"><\/div><\/div><div id=\"robo-gallery-slider-block-rbs_gallery_69e447d1869c7\"  data-options=\"rbs_gallery_69e447d1869c7\" \r\n\t\t\t\t\tclass=\"swiper-container robo-gallery-slider-container robo-gallery-slider-997\" \r\n\t\t\t\t\tstyle=\"  display: none;\"\r\n\t\t\t\t\t\r\n\t\t\t\t><div id=\"rbs_gallery_69e447d1869c7\" class=\"swiper-wrapper robo-slider-gallery  \"><div class=\"swiper-slide  \" \r\n \t\t\t\t\tstyle=\"background-image:url('https:\/\/on16.de\/wp-content\/uploads\/2026\/02\/image2001.jpg');\" ><div class=\"swiper-slide-desc swiper-slide-desc-light\">image2001<\/div><\/div><div class=\"swiper-slide  \" \r\n \t\t\t\t\tstyle=\"background-image:url('https:\/\/on16.de\/wp-content\/uploads\/2026\/02\/image2005.jpg');\" ><div class=\"swiper-slide-desc swiper-slide-desc-light\">image2005<\/div><\/div><div class=\"swiper-slide  \" \r\n \t\t\t\t\tstyle=\"background-image:url('https:\/\/on16.de\/wp-content\/uploads\/2026\/02\/image2010.jpg');\" ><div class=\"swiper-slide-desc swiper-slide-desc-light\">image2010<\/div><\/div><div class=\"swiper-slide  \" \r\n \t\t\t\t\tstyle=\"background-image:url('https:\/\/on16.de\/wp-content\/uploads\/2026\/02\/image2002.jpg');\" ><div class=\"swiper-slide-desc swiper-slide-desc-light\">image2002<\/div><\/div><div class=\"swiper-slide  \" \r\n \t\t\t\t\tstyle=\"background-image:url('https:\/\/on16.de\/wp-content\/uploads\/2023\/09\/Wohnzimmer-1OG-mit-Fenstern-25012023-scaled.jpg');\" ><div class=\"swiper-slide-desc swiper-slide-desc-light\">Wohnzimmer 1OG mit Fenstern 25012023<\/div><\/div><div class=\"swiper-slide  \" \r\n \t\t\t\t\tstyle=\"background-image:url('https:\/\/on16.de\/wp-content\/uploads\/2026\/02\/image2004.jpg');\" ><div class=\"swiper-slide-desc swiper-slide-desc-light\">image2004<\/div><\/div><div class=\"swiper-slide  \" \r\n \t\t\t\t\tstyle=\"background-image:url('https:\/\/on16.de\/wp-content\/uploads\/2026\/02\/image2003.jpg');\" ><div class=\"swiper-slide-desc swiper-slide-desc-light\">image2003<\/div><\/div><div class=\"swiper-slide  \" \r\n \t\t\t\t\tstyle=\"background-image:url('https:\/\/on16.de\/wp-content\/uploads\/2026\/02\/image2009.jpg');\" ><div class=\"swiper-slide-desc swiper-slide-desc-light\">image2009<\/div><\/div><div class=\"swiper-slide  \" \r\n \t\t\t\t\tstyle=\"background-image:url('https:\/\/on16.de\/wp-content\/uploads\/2026\/02\/image2008.jpg');\" ><div class=\"swiper-slide-desc swiper-slide-desc-light\">image2008<\/div><\/div><div class=\"swiper-slide  \" \r\n \t\t\t\t\tstyle=\"background-image:url('https:\/\/on16.de\/wp-content\/uploads\/2026\/02\/image2007.jpg');\" ><div class=\"swiper-slide-desc swiper-slide-desc-light\">image2007<\/div><\/div><\/div><div class=\"swiper-button-prev\"><\/div><div class=\"swiper-button-next\"><\/div><div class=\"swiper-scrollbar\"><\/div><div class=\"swiper-pagination\"><\/div><\/div><\/div><script>var rbs_gallery_69e447d1869c7 = {\"version\":\"5.1.4\",\"id\":997,\"class\":\"id997\",\"roboGalleryDelay\":1000,\"mainContainer\":\"#robo_gallery_main_block_rbs_gallery_69e447d1869c7\",\"loadingContainer\":\"#rbs_gallery_69e447d1869c7-block-loader\",\"loadingContainerObj\":\"rbs_gallery_69e447d1869c7-block-loader\",\"loop\":true,\"centeredSlides\":true,\"autoplay\":{\"delay\":3000,\"disableOnInteraction\":false},\"preloadImages\":true,\"updateOnImagesReady\":true,\"effect\":\"slide\",\"direction\":\"horizontal\",\"navigation\":{\"nextEl\":\".swiper-button-next\",\"prevEl\":\".swiper-button-prev\"},\"scrollbar\":{\"el\":\".swiper-scrollbar\",\"draggable\":true},\"pagination\":{\"el\":\".swiper-pagination\",\"type\":\"bullets\",\"clickable\":true,\"dynamicBullets\":true},\"protectionEnable\":true,\"wrapContainer\":\"#robo-gallery-wrap-rbs_gallery_69e447d1869c7\"};<\/script>\n","protected":false},"excerpt":{"rendered":"<p>Fertigstellung der Bezugsfertigkeit: 7 Monate. (Nach Abschluss des Kaufvertrages) Aktueller Bauzustand Der erweiterte Rohbau mit dem Rohbau selbst, den Fenstern mit Dreifachverglasung, dem Dach und der Fassade mit W\u00e4rmed\u00e4mmverbundsystem sowie &#8230;<\/p>\n","protected":false},"author":1,"featured_media":0,"parent":0,"menu_order":0,"comment_status":"closed","ping_status":"closed","template":"","meta":{"footnotes":""},"class_list":["post-1076","page","type-page","status-publish","hentry"],"_links":{"self":[{"href":"https:\/\/on16.de\/index.php?rest_route=\/wp\/v2\/pages\/1076","targetHints":{"allow":["GET"]}}],"collection":[{"href":"https:\/\/on16.de\/index.php?rest_route=\/wp\/v2\/pages"}],"about":[{"href":"https:\/\/on16.de\/index.php?rest_route=\/wp\/v2\/types\/page"}],"author":[{"embeddable":true,"href":"https:\/\/on16.de\/index.php?rest_route=\/wp\/v2\/users\/1"}],"replies":[{"embeddable":true,"href":"https:\/\/on16.de\/index.php?rest_route=%2Fwp%2Fv2%2Fcomments&post=1076"}],"version-history":[{"count":4,"href":"https:\/\/on16.de\/index.php?rest_route=\/wp\/v2\/pages\/1076\/revisions"}],"predecessor-version":[{"id":1082,"href":"https:\/\/on16.de\/index.php?rest_route=\/wp\/v2\/pages\/1076\/revisions\/1082"}],"wp:attachment":[{"href":"https:\/\/on16.de\/index.php?rest_route=%2Fwp%2Fv2%2Fmedia&parent=1076"}],"curies":[{"name":"wp","href":"https:\/\/api.w.org\/{rel}","templated":true}]}}